{"id":379,"date":"2021-05-07T21:06:24","date_gmt":"2021-05-07T19:06:24","guid":{"rendered":"https:\/\/preview.treethemes.com\/hazel\/demo1clean\/?page_id=379"},"modified":"2025-06-24T11:28:07","modified_gmt":"2025-06-24T09:28:07","slug":"o-nas","status":"publish","type":"page","link":"https:\/\/it-leader.com.pl\/index.php\/o-nas\/","title":{"rendered":"O nas"},"content":{"rendered":"<p>[vc_row full_width=&#8221;stretch_row_content_no_spaces&#8221; css=&#8221;.vc_custom_1679433847007{margin-top: 0px !important;margin-bottom: 0px !important;}&#8221;][vc_column width=&#8221;1\/2&#8243; css=&#8221;.vc_custom_1678998707936{padding-top: 120px !important;padding-right: 20px !important;padding-left: 40px !important;}&#8221;][vc_column_text]<\/p>\n<h5>O FIRMIE<\/h5>\n<p><span class=\"ui-provider bkm bkn c d e f g h i j k l m n o p q r s t bko bkp w x y z ab ac ae af ag ah ai aj ak\" dir=\"ltr\">Jeste\u015bmy firm\u0105 informatyczn\u0105, kt\u00f3ra dostarcza innowacyjne rozwi\u0105zania IT dla przedsi\u0119biorstw. Nasze us\u0142ugi obejmuj\u0105 m.in. zapewnienie bezpiecze\u0144stwa IT, rozw\u00f3j infrastruktury IT, wparcie oraz doradztwo informatyczne. Dzi\u0119ki naszej ekspertyzie i do\u015bwiadczeniu pomagamy naszym klientom w osi\u0105gni\u0119ciu ich cel\u00f3w biznesowych oraz zwi\u0119kszeniu efektywno\u015bci. Zapewniamy nie tylko wysok\u0105 jako\u015b\u0107 naszych us\u0142ug, ale tak\u017ce indywidualne podej\u015bcie do potrzeb ka\u017cdego klienta.<\/span><\/p>\n<p>Czy Twoja firma rozwija si\u0119 dynamicznie, a Ty potrzebujesz wsparcia w dziedzinie informatyki? Mo\u017ce obecnie obs\u0142uguj\u0105ca Ci\u0119 firma zajmuje si\u0119 Twoimi sprawami zbyt powolnie? Je\u015bli tak, skontaktuj si\u0119 z nami i przeka\u017c zarz\u0105dzanie systemami informatycznymi w swojej firmie w r\u0119ce do\u015bwiadczonych i odpowiedzialnych specjalist\u00f3w.[\/vc_column_text][\/vc_column][vc_column width=&#8221;1\/2&#8243; css=&#8221;.vc_custom_1679496179933{padding-left: 20px !important;}&#8221; offset=&#8221;vc_hidden-xs&#8221;]<div class=\"ult-spacer spacer-69f5eeb80d1e5\" data-id=\"69f5eeb80d1e5\" data-height=\"0\" data-height-mobile=\"40\" data-height-tab=\"\" data-height-tab-portrait=\"\" data-height-mobile-landscape=\"40\" style=\"clear:both;display:block;\"><\/div>[vc_single_image image=&#8221;885&#8243; img_size=&#8221;full&#8221;][\/vc_column][\/vc_row][vc_row bg_type=&#8221;image&#8221; parallax_style=&#8221;vcpb-default&#8221; bg_image_new=&#8221;id^381|url^https:\/\/preview.treethemes.com\/hazel\/demo1clean\/wp-content\/uploads\/sites\/2\/2021\/05\/webdevelopment.jpeg|caption^null|alt^null|title^webdevelopment|description^null&#8221; bg_image_repeat=&#8221;no-repeat&#8221; bg_override=&#8221;ex-full&#8221; css=&#8221;.vc_custom_1679497979683{margin-top: 0px !important;padding-top: 120px !important;padding-bottom: 110px !important;}&#8221;][vc_column offset=&#8221;vc_hidden-xs&#8221;][vc_row_inner css=&#8221;.vc_custom_1679434334458{padding-bottom: 110px !important;}&#8221;][vc_column_inner width=&#8221;1\/3&#8243; offset=&#8221;vc_hidden-xs&#8221;]<div class=\"stats-block stats-top  \"><div class=\"aio-icon-top\"><div class=\"ult-just-icon-wrapper  \"><div class=\"align-icon\" style=\"text-align:center;\">\n<div class=\"aio-icon none \"  style=\"color:#ffffff;font-size:64px;display:inline-block;\">\n\t<i class=\"linearicons-users2\"><\/i>\n<\/div><\/div><\/div><\/div><div class=\"stats-desc\" id=\"counter-responsv-wrap-7279\"><div id=\"counter_349573496469f5eeb80d3ab\" data-id=\"counter_349573496469f5eeb80d3ab\"  data-ultimate-target='#counter-responsv-wrap-7279 .stats-number'  data-responsive-json-new='{\"font-size\":\"\",\"line-height\":\"\"}'  class=\"stats-number ult-responsive\" style=\"font-size:28px; color:#ffffff; font-family:&#039;Open Sans&#039;;color:#ffffff;\" data-speed=\"3\" data-counter-value=\"90+\" data-separator=\"none\" data-decimal=\"none\">0<\/div><div id=\"counter_349573496469f5eeb80d3ab\"  data-ultimate-target='#counter-responsv-wrap-7279 .stats-text'  data-responsive-json-new='{\"font-size\":\"\",\"line-height\":\"\"}'  class=\"stats-text ult-responsive\" style=\"font-size:18px; color:#ffffff; font-family:&#039;Open Sans&#039;;\">Obs\u0142ugiwanych klient\u00f3w<\/div><\/div><\/div>[\/vc_column_inner][vc_column_inner width=&#8221;1\/3&#8243; offset=&#8221;vc_hidden-xs&#8221;]<div class=\"ult-spacer spacer-69f5eeb80d3ca\" data-id=\"69f5eeb80d3ca\" data-height=\"0\" data-height-mobile=\"40\" data-height-tab=\"\" data-height-tab-portrait=\"\" data-height-mobile-landscape=\"40\" style=\"clear:both;display:block;\"><\/div><div class=\"stats-block stats-top  \"><div class=\"aio-icon-top\"><div class=\"ult-just-icon-wrapper  \"><div class=\"align-icon\" style=\"text-align:center;\">\n<div class=\"aio-icon none \"  style=\"color:#ffffff;font-size:64px;display:inline-block;\">\n\t<i class=\"linearicons-reading\"><\/i>\n<\/div><\/div><\/div><\/div><div class=\"stats-desc\" id=\"counter-responsv-wrap-4396\"><div id=\"counter_157274404969f5eeb80d40e\" data-id=\"counter_157274404969f5eeb80d40e\"  data-ultimate-target='#counter-responsv-wrap-4396 .stats-number'  data-responsive-json-new='{\"font-size\":\"\",\"line-height\":\"\"}'  class=\"stats-number ult-responsive\" style=\"font-size:28px; color:#ffffff; font-family:&#039;Open Sans&#039;;color:#ffffff;\" data-speed=\"3\" data-counter-value=\"15\" data-separator=\"none\" data-decimal=\"none\">0<\/div><div id=\"counter_157274404969f5eeb80d40e\"  data-ultimate-target='#counter-responsv-wrap-4396 .stats-text'  data-responsive-json-new='{\"font-size\":\"\",\"line-height\":\"\"}'  class=\"stats-text ult-responsive\" style=\"font-size:18px; color:#ffffff; font-family:&#039;Open Sans&#039;;\">Fachowc\u00f3w IT<\/div><\/div><\/div>[\/vc_column_inner][vc_column_inner width=&#8221;1\/3&#8243; offset=&#8221;vc_hidden-xs&#8221;]<div class=\"ult-spacer spacer-69f5eeb80d41f\" data-id=\"69f5eeb80d41f\" data-height=\"0\" data-height-mobile=\"40\" data-height-tab=\"\" data-height-tab-portrait=\"\" data-height-mobile-landscape=\"40\" style=\"clear:both;display:block;\"><\/div><div class=\"stats-block stats-top  \"><div class=\"aio-icon-top\"><div class=\"ult-just-icon-wrapper  \"><div class=\"align-icon\" style=\"text-align:center;\">\n<div class=\"aio-icon none \"  style=\"color:#ffffff;font-size:64px;display:inline-block;\">\n\t<i class=\"linearicons-star\"><\/i>\n<\/div><\/div><\/div><\/div><div class=\"stats-desc\" id=\"counter-responsv-wrap-2631\"><div id=\"counter_360782555669f5eeb80d453\" data-id=\"counter_360782555669f5eeb80d453\"  data-ultimate-target='#counter-responsv-wrap-2631 .stats-number'  data-responsive-json-new='{\"font-size\":\"\",\"line-height\":\"\"}'  class=\"stats-number ult-responsive\" style=\"font-size:28px; color:#ffffff; font-family:&#039;Open Sans&#039;;color:#ffffff;\" data-speed=\"3\" data-counter-value=\"5.0\" data-separator=\"none\" data-decimal=\".\">0<\/div><div id=\"counter_360782555669f5eeb80d453\"  data-ultimate-target='#counter-responsv-wrap-2631 .stats-text'  data-responsive-json-new='{\"font-size\":\"\",\"line-height\":\"\"}'  class=\"stats-text ult-responsive\" style=\"font-size:18px; color:#ffffff; font-family:&#039;Open Sans&#039;;\">Oceny Google<\/div><\/div><\/div>[\/vc_column_inner][\/vc_row_inner][vc_row_inner][\/vc_row_inner][\/vc_column][vc_column width=&#8221;2\/3&#8243; offset=&#8221;vc_hidden-xs&#8221;][vc_row_inner][\/vc_row_inner][\/vc_column][vc_column width=&#8221;1\/3&#8243; offset=&#8221;vc_hidden-xs&#8221;][vc_custom_heading text=&#8221;TECHNOLOGIA&#8221; font_container=&#8221;tag:h2|font_size:45px|text_align:left|color:%23ffffff|line_height:50px&#8221; use_theme_fonts=&#8221;yes&#8221;][vc_column_text]<span style=\"color: #ffffff;\"><span style=\"font-size: 15px;\">Innowacyjno\u015b\u0107 jest kluczowa w dzisiejszych czasach, gdzie szybko rozwijaj\u0105ca si\u0119 technologia wymusza ci\u0105g\u0142e poszukiwanie nowych rozwi\u0105za\u0144.<\/span><\/span>[\/vc_column_text][vc_empty_space height=&#8221;5px&#8221;][vc_btn title=&#8221;Um\u00f3w si\u0119 na bezp\u0142atny audyt&#8221; style=&#8221;outline-custom&#8221; outline_custom_color=&#8221;#ffffff&#8221; outline_custom_hover_background=&#8221;#161616&#8243; outline_custom_hover_text=&#8221;#ffffff&#8221; shape=&#8221;round&#8221; size=&#8221;sm&#8221; align=&#8221;left&#8221; link=&#8221;url:https%3A%2F%2Fit-leader.com.pl%2Findex.php%2Fkontakt%2F|title:Kontakt&#8221;][\/vc_column][\/vc_row][vc_row bg_type=&#8221;grad&#8221; bg_override=&#8221;ex-full&#8221; css=&#8221;.vc_custom_1476033850417{margin-top: 0px !important;margin-bottom: 0px !important;padding-top: 80px !important;padding-bottom: 80px !important;}&#8221; bg_grad=&#8221;background: -webkit-gradient(linear, left top, left bottom, color-stop(0%, #F0F0F0), color-stop(100%, #FFFFFF));background: -moz-linear-gradient(top,#F0F0F0 0%,#FFFFFF 100%);background: -webkit-linear-gradient(top,#F0F0F0 0%,#FFFFFF 100%);background: -o-linear-gradient(top,#F0F0F0 0%,#FFFFFF 100%);background: -ms-linear-gradient(top,#F0F0F0 0%,#FFFFFF 100%);background: linear-gradient(top,#F0F0F0 0%,#FFFFFF 100%);&#8221;][vc_column][\/vc_column][vc_column width=&#8221;1\/3&#8243;][\/vc_column][vc_column width=&#8221;1\/3&#8243;][\/vc_column][vc_column width=&#8221;1\/2&#8243;][\/vc_column][vc_column width=&#8221;1\/2&#8243;][\/vc_column][vc_column][vc_custom_heading text=&#8221;NASZE PLAC\u00d3WKI&#8221; font_container=&#8221;tag:h2|text_align:center&#8221; use_theme_fonts=&#8221;yes&#8221; css=&#8221;.vc_custom_1750757273897{margin-bottom: 40px !important;}&#8221;][\/vc_column][vc_column width=&#8221;1\/2&#8243;]<div class=\"aio-icon-component    style_1\"><a class=\"aio-icon-box-link\" href=\"https:\/\/it-leader.com.pl\/index.php\/home\/kostrzyn-nad-odra\/\" title=\"Kostrzyn nad Odr\u0105\" ><div id=\"Info-box-wrap-5307\" class=\"aio-icon-box top-icon\" style=\"\"  ><div class=\"aio-icon-top\"><div class=\"ult-just-icon-wrapper  \"><div class=\"align-icon\" style=\"text-align:center;\">\n<div class=\"aio-icon none \"  style=\"color:#333;font-size:64px;display:inline-block;\">\n\t<i class=\"linearicons-apartment\"><\/i>\n<\/div><\/div><\/div><\/div><div class=\"aio-icon-header\" ><h3 class=\"aio-icon-title ult-responsive\"  data-ultimate-target='#Info-box-wrap-5307 .aio-icon-title'  data-responsive-json-new='{\"font-size\":\"\",\"line-height\":\"\"}'  style=\"\">Kostrzyn nad Odr\u0105<\/h3><\/div> <!-- header --><div class=\"aio-icon-description ult-responsive\"  data-ultimate-target='#Info-box-wrap-5307 .aio-icon-description'  data-responsive-json-new='{\"font-size\":\"\",\"line-height\":\"\"}'  style=\"\">Oddzia\u0142<\/div> <!-- description --><\/div> <!-- aio-icon-box --><\/a><\/div> <!-- aio-icon-component -->[\/vc_column][vc_column width=&#8221;1\/2&#8243;]<div class=\"aio-icon-component    style_1\"><a class=\"aio-icon-box-link\" href=\"https:\/\/it-leader.com.pl\/index.php\/home\/gw\/\" title=\"Gorz\u00f3w Wielkopolski\" ><div id=\"Info-box-wrap-1661\" class=\"aio-icon-box top-icon\" style=\"\"  ><div class=\"aio-icon-top\"><div class=\"ult-just-icon-wrapper  \"><div class=\"align-icon\" style=\"text-align:center;\">\n<div class=\"aio-icon none \"  style=\"color:#333;font-size:64px;display:inline-block;\">\n\t<i class=\"linearicons-apartment\"><\/i>\n<\/div><\/div><\/div><\/div><div class=\"aio-icon-header\" ><h3 class=\"aio-icon-title ult-responsive\"  data-ultimate-target='#Info-box-wrap-1661 .aio-icon-title'  data-responsive-json-new='{\"font-size\":\"\",\"line-height\":\"\"}'  style=\"\">Gorz\u00f3w Wlkp.<\/h3><\/div> <!-- header --><div class=\"aio-icon-description ult-responsive\"  data-ultimate-target='#Info-box-wrap-1661 .aio-icon-description'  data-responsive-json-new='{\"font-size\":\"\",\"line-height\":\"\"}'  style=\"\">Siedziba<\/div> <!-- description --><\/div> <!-- aio-icon-box --><\/a><\/div> <!-- aio-icon-component --><div class=\"ult-spacer spacer-69f5eeb80d4c7\" data-id=\"69f5eeb80d4c7\" data-height=\"0\" data-height-mobile=\"40\" data-height-tab=\"\" data-height-tab-portrait=\"\" data-height-mobile-landscape=\"40\" style=\"clear:both;display:block;\"><\/div><div class=\"ult-spacer spacer-69f5eeb80d4cd\" data-id=\"69f5eeb80d4cd\" data-height=\"0\" data-height-mobile=\"40\" data-height-tab=\"\" data-height-tab-portrait=\"\" data-height-mobile-landscape=\"40\" style=\"clear:both;display:block;\"><\/div><div class=\"ult-spacer spacer-69f5eeb80d4d3\" data-id=\"69f5eeb80d4d3\" data-height=\"0\" data-height-mobile=\"40\" data-height-tab=\"\" data-height-tab-portrait=\"\" data-height-mobile-landscape=\"40\" style=\"clear:both;display:block;\"><\/div>[\/vc_column][\/vc_row]<\/p>\n","protected":false},"excerpt":{"rendered":"<p>[vc_row full_width=&#8221;stretch_row_content_no_spaces&#8221; css=&#8221;.vc_custom_1679433847007{margin-top: 0px !important;margin-bottom: 0px !important;}&#8221;][vc_column width=&#8221;1\/2&#8243; css=&#8221;.vc_custom_1678998707936{padding-top: 120px !important;padding-right: 20px !important;padding-left: 40px !important;}&#8221;][vc_column_text] O FIRMIE Jeste\u015bmy firm\u0105 informatyczn\u0105, kt\u00f3ra dostarcza innowacyjne rozwi\u0105zania IT dla przedsi\u0119biorstw. Nasze us\u0142ugi obejmuj\u0105 m.in. zapewnienie bezpiecze\u0144stwa IT, rozw\u00f3j infrastruktury IT, wparcie oraz doradztwo informatyczne. Dzi\u0119ki naszej ekspertyzie i do\u015bwiadczeniu pomagamy naszym klientom w osi\u0105gni\u0119ciu ich cel\u00f3w biznesowych oraz [&hellip;]<\/p>\n","protected":false},"author":1,"featured_media":0,"parent":0,"menu_order":0,"comment_status":"closed","ping_status":"closed","template":"page.php","meta":{"inline_featured_image":false},"yoast_head":"<!-- This site is optimized with the Yoast SEO plugin v20.5 - https:\/\/yoast.com\/wordpress\/plugins\/seo\/ -->\n<title>O nas - IT-Leader<\/title>\n<meta name=\"robots\" content=\"index, follow, max-snippet:-1, max-image-preview:large, max-video-preview:-1\" \/>\n<link rel=\"canonical\" href=\"https:\/\/it-leader.com.pl\/index.php\/o-nas\/\" \/>\n<meta property=\"og:locale\" content=\"pl_PL\" \/>\n<meta property=\"og:type\" content=\"article\" \/>\n<meta property=\"og:title\" content=\"O nas - IT-Leader\" \/>\n<meta property=\"og:description\" content=\"[vc_row full_width=&#8221;stretch_row_content_no_spaces&#8221; css=&#8221;.vc_custom_1679433847007{margin-top: 0px !important;margin-bottom: 0px !important;}&#8221;][vc_column width=&#8221;1\/2&#8243; css=&#8221;.vc_custom_1678998707936{padding-top: 120px !important;padding-right: 20px !important;padding-left: 40px !important;}&#8221;][vc_column_text] O FIRMIE Jeste\u015bmy firm\u0105 informatyczn\u0105, kt\u00f3ra dostarcza innowacyjne rozwi\u0105zania IT dla przedsi\u0119biorstw. Nasze us\u0142ugi obejmuj\u0105 m.in. zapewnienie bezpiecze\u0144stwa IT, rozw\u00f3j infrastruktury IT, wparcie oraz doradztwo informatyczne. Dzi\u0119ki naszej ekspertyzie i do\u015bwiadczeniu pomagamy naszym klientom w osi\u0105gni\u0119ciu ich cel\u00f3w biznesowych oraz [&hellip;]\" \/>\n<meta property=\"og:url\" content=\"https:\/\/it-leader.com.pl\/index.php\/o-nas\/\" \/>\n<meta property=\"og:site_name\" content=\"IT-Leader\" \/>\n<meta property=\"article:publisher\" content=\"https:\/\/www.facebook.com\/itleaderpl\/\" \/>\n<meta property=\"article:modified_time\" content=\"2025-06-24T09:28:07+00:00\" \/>\n<meta name=\"twitter:card\" content=\"summary_large_image\" \/>\n<meta name=\"twitter:label1\" content=\"Szacowany czas czytania\" \/>\n\t<meta name=\"twitter:data1\" content=\"4 minuty\" \/>\n<script type=\"application\/ld+json\" class=\"yoast-schema-graph\">{\"@context\":\"https:\/\/schema.org\",\"@graph\":[{\"@type\":\"WebPage\",\"@id\":\"https:\/\/it-leader.com.pl\/index.php\/o-nas\/\",\"url\":\"https:\/\/it-leader.com.pl\/index.php\/o-nas\/\",\"name\":\"O nas - IT-Leader\",\"isPartOf\":{\"@id\":\"https:\/\/it-leader.com.pl\/#website\"},\"datePublished\":\"2021-05-07T19:06:24+00:00\",\"dateModified\":\"2025-06-24T09:28:07+00:00\",\"breadcrumb\":{\"@id\":\"https:\/\/it-leader.com.pl\/index.php\/o-nas\/#breadcrumb\"},\"inLanguage\":\"pl-PL\",\"potentialAction\":[{\"@type\":\"ReadAction\",\"target\":[\"https:\/\/it-leader.com.pl\/index.php\/o-nas\/\"]}]},{\"@type\":\"BreadcrumbList\",\"@id\":\"https:\/\/it-leader.com.pl\/index.php\/o-nas\/#breadcrumb\",\"itemListElement\":[{\"@type\":\"ListItem\",\"position\":1,\"name\":\"Strona g\u0142\u00f3wna\",\"item\":\"https:\/\/it-leader.com.pl\/\"},{\"@type\":\"ListItem\",\"position\":2,\"name\":\"O nas\"}]},{\"@type\":\"WebSite\",\"@id\":\"https:\/\/it-leader.com.pl\/#website\",\"url\":\"https:\/\/it-leader.com.pl\/\",\"name\":\"IT-Leader\",\"description\":\"Obs\u0142uga informatyczna firm\",\"publisher\":{\"@id\":\"https:\/\/it-leader.com.pl\/#organization\"},\"potentialAction\":[{\"@type\":\"SearchAction\",\"target\":{\"@type\":\"EntryPoint\",\"urlTemplate\":\"https:\/\/it-leader.com.pl\/?s={search_term_string}\"},\"query-input\":\"required name=search_term_string\"}],\"inLanguage\":\"pl-PL\"},{\"@type\":\"Organization\",\"@id\":\"https:\/\/it-leader.com.pl\/#organization\",\"name\":\"IT-Leader - Obs\u0142uga informatyczna firm\",\"alternateName\":\"IT-Leader\",\"url\":\"https:\/\/it-leader.com.pl\/\",\"logo\":{\"@type\":\"ImageObject\",\"inLanguage\":\"pl-PL\",\"@id\":\"https:\/\/it-leader.com.pl\/#\/schema\/logo\/image\/\",\"url\":\"https:\/\/it-leader.com.pl\/wp-content\/uploads\/2022\/09\/IT_Leader_kolorx2.png\",\"contentUrl\":\"https:\/\/it-leader.com.pl\/wp-content\/uploads\/2022\/09\/IT_Leader_kolorx2.png\",\"width\":911,\"height\":239,\"caption\":\"IT-Leader - Obs\u0142uga informatyczna firm\"},\"image\":{\"@id\":\"https:\/\/it-leader.com.pl\/#\/schema\/logo\/image\/\"},\"sameAs\":[\"https:\/\/www.facebook.com\/itleaderpl\/\"]}]}<\/script>\n<!-- \/ Yoast SEO plugin. -->","yoast_head_json":{"title":"O nas - IT-Leader","robots":{"index":"index","follow":"follow","max-snippet":"max-snippet:-1","max-image-preview":"max-image-preview:large","max-video-preview":"max-video-preview:-1"},"canonical":"https:\/\/it-leader.com.pl\/index.php\/o-nas\/","og_locale":"pl_PL","og_type":"article","og_title":"O nas - IT-Leader","og_description":"[vc_row full_width=&#8221;stretch_row_content_no_spaces&#8221; css=&#8221;.vc_custom_1679433847007{margin-top: 0px !important;margin-bottom: 0px !important;}&#8221;][vc_column width=&#8221;1\/2&#8243; css=&#8221;.vc_custom_1678998707936{padding-top: 120px !important;padding-right: 20px !important;padding-left: 40px !important;}&#8221;][vc_column_text] O FIRMIE Jeste\u015bmy firm\u0105 informatyczn\u0105, kt\u00f3ra dostarcza innowacyjne rozwi\u0105zania IT dla przedsi\u0119biorstw. Nasze us\u0142ugi obejmuj\u0105 m.in. zapewnienie bezpiecze\u0144stwa IT, rozw\u00f3j infrastruktury IT, wparcie oraz doradztwo informatyczne. Dzi\u0119ki naszej ekspertyzie i do\u015bwiadczeniu pomagamy naszym klientom w osi\u0105gni\u0119ciu ich cel\u00f3w biznesowych oraz [&hellip;]","og_url":"https:\/\/it-leader.com.pl\/index.php\/o-nas\/","og_site_name":"IT-Leader","article_publisher":"https:\/\/www.facebook.com\/itleaderpl\/","article_modified_time":"2025-06-24T09:28:07+00:00","twitter_card":"summary_large_image","twitter_misc":{"Szacowany czas czytania":"4 minuty"},"schema":{"@context":"https:\/\/schema.org","@graph":[{"@type":"WebPage","@id":"https:\/\/it-leader.com.pl\/index.php\/o-nas\/","url":"https:\/\/it-leader.com.pl\/index.php\/o-nas\/","name":"O nas - IT-Leader","isPartOf":{"@id":"https:\/\/it-leader.com.pl\/#website"},"datePublished":"2021-05-07T19:06:24+00:00","dateModified":"2025-06-24T09:28:07+00:00","breadcrumb":{"@id":"https:\/\/it-leader.com.pl\/index.php\/o-nas\/#breadcrumb"},"inLanguage":"pl-PL","potentialAction":[{"@type":"ReadAction","target":["https:\/\/it-leader.com.pl\/index.php\/o-nas\/"]}]},{"@type":"BreadcrumbList","@id":"https:\/\/it-leader.com.pl\/index.php\/o-nas\/#breadcrumb","itemListElement":[{"@type":"ListItem","position":1,"name":"Strona g\u0142\u00f3wna","item":"https:\/\/it-leader.com.pl\/"},{"@type":"ListItem","position":2,"name":"O nas"}]},{"@type":"WebSite","@id":"https:\/\/it-leader.com.pl\/#website","url":"https:\/\/it-leader.com.pl\/","name":"IT-Leader","description":"Obs\u0142uga informatyczna firm","publisher":{"@id":"https:\/\/it-leader.com.pl\/#organization"},"potentialAction":[{"@type":"SearchAction","target":{"@type":"EntryPoint","urlTemplate":"https:\/\/it-leader.com.pl\/?s={search_term_string}"},"query-input":"required name=search_term_string"}],"inLanguage":"pl-PL"},{"@type":"Organization","@id":"https:\/\/it-leader.com.pl\/#organization","name":"IT-Leader - Obs\u0142uga informatyczna firm","alternateName":"IT-Leader","url":"https:\/\/it-leader.com.pl\/","logo":{"@type":"ImageObject","inLanguage":"pl-PL","@id":"https:\/\/it-leader.com.pl\/#\/schema\/logo\/image\/","url":"https:\/\/it-leader.com.pl\/wp-content\/uploads\/2022\/09\/IT_Leader_kolorx2.png","contentUrl":"https:\/\/it-leader.com.pl\/wp-content\/uploads\/2022\/09\/IT_Leader_kolorx2.png","width":911,"height":239,"caption":"IT-Leader - Obs\u0142uga informatyczna firm"},"image":{"@id":"https:\/\/it-leader.com.pl\/#\/schema\/logo\/image\/"},"sameAs":["https:\/\/www.facebook.com\/itleaderpl\/"]}]}},"_links":{"self":[{"href":"https:\/\/it-leader.com.pl\/index.php\/wp-json\/wp\/v2\/pages\/379"}],"collection":[{"href":"https:\/\/it-leader.com.pl\/index.php\/wp-json\/wp\/v2\/pages"}],"about":[{"href":"https:\/\/it-leader.com.pl\/index.php\/wp-json\/wp\/v2\/types\/page"}],"author":[{"embeddable":true,"href":"https:\/\/it-leader.com.pl\/index.php\/wp-json\/wp\/v2\/users\/1"}],"replies":[{"embeddable":true,"href":"https:\/\/it-leader.com.pl\/index.php\/wp-json\/wp\/v2\/comments?post=379"}],"version-history":[{"count":59,"href":"https:\/\/it-leader.com.pl\/index.php\/wp-json\/wp\/v2\/pages\/379\/revisions"}],"predecessor-version":[{"id":1173,"href":"https:\/\/it-leader.com.pl\/index.php\/wp-json\/wp\/v2\/pages\/379\/revisions\/1173"}],"wp:attachment":[{"href":"https:\/\/it-leader.com.pl\/index.php\/wp-json\/wp\/v2\/media?parent=379"}],"curies":[{"name":"wp","href":"https:\/\/api.w.org\/{rel}","templated":true}]}}