{"id":806,"date":"2023-03-06T17:34:44","date_gmt":"2023-03-06T16:34:44","guid":{"rendered":"https:\/\/it-leader.com.pl\/?page_id=806"},"modified":"2025-06-24T11:33:43","modified_gmt":"2025-06-24T09:33:43","slug":"kostrzyn-nad-odra","status":"publish","type":"page","link":"https:\/\/it-leader.com.pl\/index.php\/home\/kostrzyn-nad-odra\/","title":{"rendered":"Kostrzyn nad Odr\u0105"},"content":{"rendered":"<p>[vc_row][vc_column][vc_empty_space height=&#8221;30px&#8221;][\/vc_column][\/vc_row][vc_row][vc_column width=&#8221;1\/2&#8243;][vc_empty_space height=&#8221;10px&#8221;][vc_raw_html]JTNDaWZyYW1lJTIwc3JjJTNEJTIyaHR0cHMlM0ElMkYlMkZ3d3cuZ29vZ2xlLmNvbSUyRm1hcHMlMkZlbWJlZCUzRnBiJTNEJTIxMW0xOCUyMTFtMTIlMjExbTMlMjExZDI0MjQuMDQ3ODk4NzA2MTY3JTIxMmQxNC42NDc0Nzc3MTI1NDg0NzIlMjEzZDUyLjU4NjgyNzIzMTE2Mjg2JTIxMm0zJTIxMWYwJTIxMmYwJTIxM2YwJTIxM20yJTIxMWkxMDI0JTIxMmk3NjglMjE0ZjEzLjElMjEzbTMlMjExbTIlMjExczB4NDcwNzczNmQwNGI4Zjk2NSUyNTNBMHg0ZmFjODFkOWMxZWE5ZWNjJTIxMnNTaWtvcnNraWVnbyUyNTIwMTYlMjUyQyUyNTIwNjYtNDcwJTI1MjBLb3N0cnp5biUyNTIwbmFkJTI1MjBPZHIlMjVDNCUyNTg1JTIxNWUwJTIxM20yJTIxMXNwbCUyMTJzcGwlMjE0djE2ODE0OTg1NzAwMzIlMjE1bTIlMjExc3BsJTIxMnNwbCUyMiUyMHdpZHRoJTNEJTIyNjAwJTIyJTIwaGVpZ2h0JTNEJTIyNDUwJTIyJTIwc3R5bGUlM0QlMjJib3JkZXIlM0EwJTNCJTIyJTIwYWxsb3dmdWxsc2NyZWVuJTNEJTIyJTIyJTIwbG9hZGluZyUzRCUyMmxhenklMjIlMjByZWZlcnJlcnBvbGljeSUzRCUyMm5vLXJlZmVycmVyLXdoZW4tZG93bmdyYWRlJTIyJTNFJTNDJTJGaWZyYW1lJTNF[\/vc_raw_html][\/vc_column][vc_column width=&#8221;1\/2&#8243;][vc_custom_heading text=&#8221;Informacje kontaktowe&#8221; google_fonts=&#8221;font_family:Open%20Sans%3A300%2C300italic%2Cregular%2Citalic%2C600%2C600italic%2C700%2C700italic%2C800%2C800italic|font_style:400%20regular%3A400%3Anormal&#8221;][vc_empty_space height=&#8221;24px&#8221;][vc_column_text]<\/p>\n<p style=\"font-size: 20px;\">Tel. kom.: <a style=\"font-size: 20px;\" href=\"tel:+48579441345\">+48 <span class=\"ui-provider bna bnb c d e f g h i j k l m n o p q r s t bnc bnd w x y z ab ac ae af ag ah ai aj ak\" dir=\"ltr\">579 441 345<\/span><\/a><\/p>\n<p style=\"font-size: 20px;\">Tematy og\u00f3lne: <a href=\"mailto:pomoc@it-leader.com.pl\">pomoc@it-leader.com.pl<\/a><br \/>\nTematy handlowe: <a href=\"mailto:handel@it-leader.com.pl\">handel@it-leader.com.pl<\/a><\/p>\n<p style=\"font-size: 20px;\">ul. Sikorskiego 16,<br \/>\n66-470 Kostrzyn nad Odr\u0105<\/p>\n<p style=\"font-size: 20px;\">Godziny pracy biura: 7:30 &#8211; 16:30<br \/>\nAwarie 24h\/7d<\/p>\n<p><span class=\"ui-provider bna bnb c d e f g h i j k l m n o p q r s t bnc bnd w x y z ab ac ae af ag ah ai aj ak\" dir=\"ltr\">Oddzia\u0142 Kostrzyn nad Odr\u0105 obs\u0142uguje r\u00f3wnie\u017c oddzia\u0142y terenowe takie jak: O\u015bno Lubuskie, G\u00f3rzyca, S\u0142o\u0144sk, D\u0119bno, Krzeszyce, S\u0142ubice.<\/span>[\/vc_column_text][\/vc_column][\/vc_row][vc_row][vc_column]<div class=\"ult-spacer spacer-69f5f1a6d934b\" data-id=\"69f5f1a6d934b\" data-height=\"80\" data-height-mobile=\"40\" data-height-tab=\"\" data-height-tab-portrait=\"\" data-height-mobile-landscape=\"40\" style=\"clear:both;display:block;\"><\/div>[\/vc_column][\/vc_row]<\/p>\n","protected":false},"excerpt":{"rendered":"<p>[vc_row][vc_column][vc_empty_space height=&#8221;30px&#8221;][\/vc_column][\/vc_row][vc_row][vc_column width=&#8221;1\/2&#8243;][vc_empty_space height=&#8221;10px&#8221;][vc_raw_html]JTNDaWZyYW1lJTIwc3JjJTNEJTIyaHR0cHMlM0ElMkYlMkZ3d3cuZ29vZ2xlLmNvbSUyRm1hcHMlMkZlbWJlZCUzRnBiJTNEJTIxMW0xOCUyMTFtMTIlMjExbTMlMjExZDI0MjQuMDQ3ODk4NzA2MTY3JTIxMmQxNC42NDc0Nzc3MTI1NDg0NzIlMjEzZDUyLjU4NjgyNzIzMTE2Mjg2JTIxMm0zJTIxMWYwJTIxMmYwJTIxM2YwJTIxM20yJTIxMWkxMDI0JTIxMmk3NjglMjE0ZjEzLjElMjEzbTMlMjExbTIlMjExczB4NDcwNzczNmQwNGI4Zjk2NSUyNTNBMHg0ZmFjODFkOWMxZWE5ZWNjJTIxMnNTaWtvcnNraWVnbyUyNTIwMTYlMjUyQyUyNTIwNjYtNDcwJTI1MjBLb3N0cnp5biUyNTIwbmFkJTI1MjBPZHIlMjVDNCUyNTg1JTIxNWUwJTIxM20yJTIxMXNwbCUyMTJzcGwlMjE0djE2ODE0OTg1NzAwMzIlMjE1bTIlMjExc3BsJTIxMnNwbCUyMiUyMHdpZHRoJTNEJTIyNjAwJTIyJTIwaGVpZ2h0JTNEJTIyNDUwJTIyJTIwc3R5bGUlM0QlMjJib3JkZXIlM0EwJTNCJTIyJTIwYWxsb3dmdWxsc2NyZWVuJTNEJTIyJTIyJTIwbG9hZGluZyUzRCUyMmxhenklMjIlMjByZWZlcnJlcnBvbGljeSUzRCUyMm5vLXJlZmVycmVyLXdoZW4tZG93bmdyYWRlJTIyJTNFJTNDJTJGaWZyYW1lJTNF[\/vc_raw_html][\/vc_column][vc_column width=&#8221;1\/2&#8243;][vc_custom_heading text=&#8221;Informacje kontaktowe&#8221; google_fonts=&#8221;font_family:Open%20Sans%3A300%2C300italic%2Cregular%2Citalic%2C600%2C600italic%2C700%2C700italic%2C800%2C800italic|font_style:400%20regular%3A400%3Anormal&#8221;][vc_empty_space height=&#8221;24px&#8221;][vc_column_text] Tel. kom.: +48 579 441 345 Tematy og\u00f3lne: pomoc@it-leader.com.pl Tematy handlowe: handel@it-leader.com.pl ul. Sikorskiego 16, 66-470 Kostrzyn nad Odr\u0105 Godziny pracy biura: 7:30 &#8211; 16:30 Awarie 24h\/7d Oddzia\u0142 Kostrzyn nad Odr\u0105 obs\u0142uguje r\u00f3wnie\u017c oddzia\u0142y terenowe takie jak: O\u015bno Lubuskie, G\u00f3rzyca, S\u0142o\u0144sk, D\u0119bno, Krzeszyce, S\u0142ubice.[\/vc_column_text][\/vc_column][\/vc_row][vc_row][vc_column][\/vc_column][\/vc_row]<\/p>\n","protected":false},"author":1,"featured_media":0,"parent":255,"menu_order":0,"comment_status":"closed","ping_status":"closed","template":"page.php","meta":{"inline_featured_image":false},"yoast_head":"<!-- This site is optimized with the Yoast SEO plugin v20.5 - https:\/\/yoast.com\/wordpress\/plugins\/seo\/ -->\n<title>Kostrzyn nad Odr\u0105 - IT-Leader<\/title>\n<meta name=\"robots\" content=\"index, follow, max-snippet:-1, max-image-preview:large, max-video-preview:-1\" \/>\n<link rel=\"canonical\" href=\"https:\/\/it-leader.com.pl\/index.php\/home\/kostrzyn-nad-odra\/\" \/>\n<meta property=\"og:locale\" content=\"pl_PL\" \/>\n<meta property=\"og:type\" content=\"article\" \/>\n<meta property=\"og:title\" content=\"Kostrzyn nad Odr\u0105 - IT-Leader\" \/>\n<meta property=\"og:description\" content=\"[vc_row][vc_column][vc_empty_space height=&#8221;30px&#8221;][\/vc_column][\/vc_row][vc_row][vc_column width=&#8221;1\/2&#8243;][vc_empty_space height=&#8221;10px&#8221;][vc_raw_html]JTNDaWZyYW1lJTIwc3JjJTNEJTIyaHR0cHMlM0ElMkYlMkZ3d3cuZ29vZ2xlLmNvbSUyRm1hcHMlMkZlbWJlZCUzRnBiJTNEJTIxMW0xOCUyMTFtMTIlMjExbTMlMjExZDI0MjQuMDQ3ODk4NzA2MTY3JTIxMmQxNC42NDc0Nzc3MTI1NDg0NzIlMjEzZDUyLjU4NjgyNzIzMTE2Mjg2JTIxMm0zJTIxMWYwJTIxMmYwJTIxM2YwJTIxM20yJTIxMWkxMDI0JTIxMmk3NjglMjE0ZjEzLjElMjEzbTMlMjExbTIlMjExczB4NDcwNzczNmQwNGI4Zjk2NSUyNTNBMHg0ZmFjODFkOWMxZWE5ZWNjJTIxMnNTaWtvcnNraWVnbyUyNTIwMTYlMjUyQyUyNTIwNjYtNDcwJTI1MjBLb3N0cnp5biUyNTIwbmFkJTI1MjBPZHIlMjVDNCUyNTg1JTIxNWUwJTIxM20yJTIxMXNwbCUyMTJzcGwlMjE0djE2ODE0OTg1NzAwMzIlMjE1bTIlMjExc3BsJTIxMnNwbCUyMiUyMHdpZHRoJTNEJTIyNjAwJTIyJTIwaGVpZ2h0JTNEJTIyNDUwJTIyJTIwc3R5bGUlM0QlMjJib3JkZXIlM0EwJTNCJTIyJTIwYWxsb3dmdWxsc2NyZWVuJTNEJTIyJTIyJTIwbG9hZGluZyUzRCUyMmxhenklMjIlMjByZWZlcnJlcnBvbGljeSUzRCUyMm5vLXJlZmVycmVyLXdoZW4tZG93bmdyYWRlJTIyJTNFJTNDJTJGaWZyYW1lJTNF[\/vc_raw_html][\/vc_column][vc_column width=&#8221;1\/2&#8243;][vc_custom_heading text=&#8221;Informacje kontaktowe&#8221; google_fonts=&#8221;font_family:Open%20Sans%3A300%2C300italic%2Cregular%2Citalic%2C600%2C600italic%2C700%2C700italic%2C800%2C800italic|font_style:400%20regular%3A400%3Anormal&#8221;][vc_empty_space height=&#8221;24px&#8221;][vc_column_text] Tel. kom.: +48 579 441 345 Tematy og\u00f3lne: pomoc@it-leader.com.pl Tematy handlowe: handel@it-leader.com.pl ul. Sikorskiego 16, 66-470 Kostrzyn nad Odr\u0105 Godziny pracy biura: 7:30 &#8211; 16:30 Awarie 24h\/7d Oddzia\u0142 Kostrzyn nad Odr\u0105 obs\u0142uguje r\u00f3wnie\u017c oddzia\u0142y terenowe takie jak: O\u015bno Lubuskie, G\u00f3rzyca, S\u0142o\u0144sk, D\u0119bno, Krzeszyce, S\u0142ubice.[\/vc_column_text][\/vc_column][\/vc_row][vc_row][vc_column][\/vc_column][\/vc_row]\" \/>\n<meta property=\"og:url\" content=\"https:\/\/it-leader.com.pl\/index.php\/home\/kostrzyn-nad-odra\/\" \/>\n<meta property=\"og:site_name\" content=\"IT-Leader\" \/>\n<meta property=\"article:publisher\" content=\"https:\/\/www.facebook.com\/itleaderpl\/\" \/>\n<meta property=\"article:modified_time\" content=\"2025-06-24T09:33:43+00:00\" \/>\n<meta name=\"twitter:card\" content=\"summary_large_image\" \/>\n<meta name=\"twitter:label1\" content=\"Szacowany czas czytania\" \/>\n\t<meta name=\"twitter:data1\" content=\"1 minuta\" \/>\n<script type=\"application\/ld+json\" class=\"yoast-schema-graph\">{\"@context\":\"https:\/\/schema.org\",\"@graph\":[{\"@type\":\"WebPage\",\"@id\":\"https:\/\/it-leader.com.pl\/index.php\/home\/kostrzyn-nad-odra\/\",\"url\":\"https:\/\/it-leader.com.pl\/index.php\/home\/kostrzyn-nad-odra\/\",\"name\":\"Kostrzyn nad Odr\u0105 - IT-Leader\",\"isPartOf\":{\"@id\":\"https:\/\/it-leader.com.pl\/#website\"},\"datePublished\":\"2023-03-06T16:34:44+00:00\",\"dateModified\":\"2025-06-24T09:33:43+00:00\",\"breadcrumb\":{\"@id\":\"https:\/\/it-leader.com.pl\/index.php\/home\/kostrzyn-nad-odra\/#breadcrumb\"},\"inLanguage\":\"pl-PL\",\"potentialAction\":[{\"@type\":\"ReadAction\",\"target\":[\"https:\/\/it-leader.com.pl\/index.php\/home\/kostrzyn-nad-odra\/\"]}]},{\"@type\":\"BreadcrumbList\",\"@id\":\"https:\/\/it-leader.com.pl\/index.php\/home\/kostrzyn-nad-odra\/#breadcrumb\",\"itemListElement\":[{\"@type\":\"ListItem\",\"position\":1,\"name\":\"Strona g\u0142\u00f3wna\",\"item\":\"https:\/\/it-leader.com.pl\/\"},{\"@type\":\"ListItem\",\"position\":2,\"name\":\"Home\",\"item\":\"https:\/\/it-leader.com.pl\/\"},{\"@type\":\"ListItem\",\"position\":3,\"name\":\"Kostrzyn nad Odr\u0105\"}]},{\"@type\":\"WebSite\",\"@id\":\"https:\/\/it-leader.com.pl\/#website\",\"url\":\"https:\/\/it-leader.com.pl\/\",\"name\":\"IT-Leader\",\"description\":\"Obs\u0142uga informatyczna firm\",\"publisher\":{\"@id\":\"https:\/\/it-leader.com.pl\/#organization\"},\"potentialAction\":[{\"@type\":\"SearchAction\",\"target\":{\"@type\":\"EntryPoint\",\"urlTemplate\":\"https:\/\/it-leader.com.pl\/?s={search_term_string}\"},\"query-input\":\"required name=search_term_string\"}],\"inLanguage\":\"pl-PL\"},{\"@type\":\"Organization\",\"@id\":\"https:\/\/it-leader.com.pl\/#organization\",\"name\":\"IT-Leader - Obs\u0142uga informatyczna firm\",\"alternateName\":\"IT-Leader\",\"url\":\"https:\/\/it-leader.com.pl\/\",\"logo\":{\"@type\":\"ImageObject\",\"inLanguage\":\"pl-PL\",\"@id\":\"https:\/\/it-leader.com.pl\/#\/schema\/logo\/image\/\",\"url\":\"https:\/\/it-leader.com.pl\/wp-content\/uploads\/2022\/09\/IT_Leader_kolorx2.png\",\"contentUrl\":\"https:\/\/it-leader.com.pl\/wp-content\/uploads\/2022\/09\/IT_Leader_kolorx2.png\",\"width\":911,\"height\":239,\"caption\":\"IT-Leader - Obs\u0142uga informatyczna firm\"},\"image\":{\"@id\":\"https:\/\/it-leader.com.pl\/#\/schema\/logo\/image\/\"},\"sameAs\":[\"https:\/\/www.facebook.com\/itleaderpl\/\"]}]}<\/script>\n<!-- \/ Yoast SEO plugin. -->","yoast_head_json":{"title":"Kostrzyn nad Odr\u0105 - IT-Leader","robots":{"index":"index","follow":"follow","max-snippet":"max-snippet:-1","max-image-preview":"max-image-preview:large","max-video-preview":"max-video-preview:-1"},"canonical":"https:\/\/it-leader.com.pl\/index.php\/home\/kostrzyn-nad-odra\/","og_locale":"pl_PL","og_type":"article","og_title":"Kostrzyn nad Odr\u0105 - IT-Leader","og_description":"[vc_row][vc_column][vc_empty_space height=&#8221;30px&#8221;][\/vc_column][\/vc_row][vc_row][vc_column width=&#8221;1\/2&#8243;][vc_empty_space height=&#8221;10px&#8221;][vc_raw_html]JTNDaWZyYW1lJTIwc3JjJTNEJTIyaHR0cHMlM0ElMkYlMkZ3d3cuZ29vZ2xlLmNvbSUyRm1hcHMlMkZlbWJlZCUzRnBiJTNEJTIxMW0xOCUyMTFtMTIlMjExbTMlMjExZDI0MjQuMDQ3ODk4NzA2MTY3JTIxMmQxNC42NDc0Nzc3MTI1NDg0NzIlMjEzZDUyLjU4NjgyNzIzMTE2Mjg2JTIxMm0zJTIxMWYwJTIxMmYwJTIxM2YwJTIxM20yJTIxMWkxMDI0JTIxMmk3NjglMjE0ZjEzLjElMjEzbTMlMjExbTIlMjExczB4NDcwNzczNmQwNGI4Zjk2NSUyNTNBMHg0ZmFjODFkOWMxZWE5ZWNjJTIxMnNTaWtvcnNraWVnbyUyNTIwMTYlMjUyQyUyNTIwNjYtNDcwJTI1MjBLb3N0cnp5biUyNTIwbmFkJTI1MjBPZHIlMjVDNCUyNTg1JTIxNWUwJTIxM20yJTIxMXNwbCUyMTJzcGwlMjE0djE2ODE0OTg1NzAwMzIlMjE1bTIlMjExc3BsJTIxMnNwbCUyMiUyMHdpZHRoJTNEJTIyNjAwJTIyJTIwaGVpZ2h0JTNEJTIyNDUwJTIyJTIwc3R5bGUlM0QlMjJib3JkZXIlM0EwJTNCJTIyJTIwYWxsb3dmdWxsc2NyZWVuJTNEJTIyJTIyJTIwbG9hZGluZyUzRCUyMmxhenklMjIlMjByZWZlcnJlcnBvbGljeSUzRCUyMm5vLXJlZmVycmVyLXdoZW4tZG93bmdyYWRlJTIyJTNFJTNDJTJGaWZyYW1lJTNF[\/vc_raw_html][\/vc_column][vc_column width=&#8221;1\/2&#8243;][vc_custom_heading text=&#8221;Informacje kontaktowe&#8221; google_fonts=&#8221;font_family:Open%20Sans%3A300%2C300italic%2Cregular%2Citalic%2C600%2C600italic%2C700%2C700italic%2C800%2C800italic|font_style:400%20regular%3A400%3Anormal&#8221;][vc_empty_space height=&#8221;24px&#8221;][vc_column_text] Tel. kom.: +48 579 441 345 Tematy og\u00f3lne: pomoc@it-leader.com.pl Tematy handlowe: handel@it-leader.com.pl ul. Sikorskiego 16, 66-470 Kostrzyn nad Odr\u0105 Godziny pracy biura: 7:30 &#8211; 16:30 Awarie 24h\/7d Oddzia\u0142 Kostrzyn nad Odr\u0105 obs\u0142uguje r\u00f3wnie\u017c oddzia\u0142y terenowe takie jak: O\u015bno Lubuskie, G\u00f3rzyca, S\u0142o\u0144sk, D\u0119bno, Krzeszyce, S\u0142ubice.[\/vc_column_text][\/vc_column][\/vc_row][vc_row][vc_column][\/vc_column][\/vc_row]","og_url":"https:\/\/it-leader.com.pl\/index.php\/home\/kostrzyn-nad-odra\/","og_site_name":"IT-Leader","article_publisher":"https:\/\/www.facebook.com\/itleaderpl\/","article_modified_time":"2025-06-24T09:33:43+00:00","twitter_card":"summary_large_image","twitter_misc":{"Szacowany czas czytania":"1 minuta"},"schema":{"@context":"https:\/\/schema.org","@graph":[{"@type":"WebPage","@id":"https:\/\/it-leader.com.pl\/index.php\/home\/kostrzyn-nad-odra\/","url":"https:\/\/it-leader.com.pl\/index.php\/home\/kostrzyn-nad-odra\/","name":"Kostrzyn nad Odr\u0105 - IT-Leader","isPartOf":{"@id":"https:\/\/it-leader.com.pl\/#website"},"datePublished":"2023-03-06T16:34:44+00:00","dateModified":"2025-06-24T09:33:43+00:00","breadcrumb":{"@id":"https:\/\/it-leader.com.pl\/index.php\/home\/kostrzyn-nad-odra\/#breadcrumb"},"inLanguage":"pl-PL","potentialAction":[{"@type":"ReadAction","target":["https:\/\/it-leader.com.pl\/index.php\/home\/kostrzyn-nad-odra\/"]}]},{"@type":"BreadcrumbList","@id":"https:\/\/it-leader.com.pl\/index.php\/home\/kostrzyn-nad-odra\/#breadcrumb","itemListElement":[{"@type":"ListItem","position":1,"name":"Strona g\u0142\u00f3wna","item":"https:\/\/it-leader.com.pl\/"},{"@type":"ListItem","position":2,"name":"Home","item":"https:\/\/it-leader.com.pl\/"},{"@type":"ListItem","position":3,"name":"Kostrzyn nad Odr\u0105"}]},{"@type":"WebSite","@id":"https:\/\/it-leader.com.pl\/#website","url":"https:\/\/it-leader.com.pl\/","name":"IT-Leader","description":"Obs\u0142uga informatyczna firm","publisher":{"@id":"https:\/\/it-leader.com.pl\/#organization"},"potentialAction":[{"@type":"SearchAction","target":{"@type":"EntryPoint","urlTemplate":"https:\/\/it-leader.com.pl\/?s={search_term_string}"},"query-input":"required name=search_term_string"}],"inLanguage":"pl-PL"},{"@type":"Organization","@id":"https:\/\/it-leader.com.pl\/#organization","name":"IT-Leader - Obs\u0142uga informatyczna firm","alternateName":"IT-Leader","url":"https:\/\/it-leader.com.pl\/","logo":{"@type":"ImageObject","inLanguage":"pl-PL","@id":"https:\/\/it-leader.com.pl\/#\/schema\/logo\/image\/","url":"https:\/\/it-leader.com.pl\/wp-content\/uploads\/2022\/09\/IT_Leader_kolorx2.png","contentUrl":"https:\/\/it-leader.com.pl\/wp-content\/uploads\/2022\/09\/IT_Leader_kolorx2.png","width":911,"height":239,"caption":"IT-Leader - Obs\u0142uga informatyczna firm"},"image":{"@id":"https:\/\/it-leader.com.pl\/#\/schema\/logo\/image\/"},"sameAs":["https:\/\/www.facebook.com\/itleaderpl\/"]}]}},"_links":{"self":[{"href":"https:\/\/it-leader.com.pl\/index.php\/wp-json\/wp\/v2\/pages\/806"}],"collection":[{"href":"https:\/\/it-leader.com.pl\/index.php\/wp-json\/wp\/v2\/pages"}],"about":[{"href":"https:\/\/it-leader.com.pl\/index.php\/wp-json\/wp\/v2\/types\/page"}],"author":[{"embeddable":true,"href":"https:\/\/it-leader.com.pl\/index.php\/wp-json\/wp\/v2\/users\/1"}],"replies":[{"embeddable":true,"href":"https:\/\/it-leader.com.pl\/index.php\/wp-json\/wp\/v2\/comments?post=806"}],"version-history":[{"count":10,"href":"https:\/\/it-leader.com.pl\/index.php\/wp-json\/wp\/v2\/pages\/806\/revisions"}],"predecessor-version":[{"id":1175,"href":"https:\/\/it-leader.com.pl\/index.php\/wp-json\/wp\/v2\/pages\/806\/revisions\/1175"}],"up":[{"embeddable":true,"href":"https:\/\/it-leader.com.pl\/index.php\/wp-json\/wp\/v2\/pages\/255"}],"wp:attachment":[{"href":"https:\/\/it-leader.com.pl\/index.php\/wp-json\/wp\/v2\/media?parent=806"}],"curies":[{"name":"wp","href":"https:\/\/api.w.org\/{rel}","templated":true}]}}